{"id":522,"date":"2022-08-25T16:24:17","date_gmt":"2022-08-25T14:24:17","guid":{"rendered":"https:\/\/twistfuneraire-logiciel-funeraire.fr\/CHRIST22\/?page_id=522"},"modified":"2024-04-22T17:18:09","modified_gmt":"2024-04-22T15:18:09","slug":"formule-entreprise-2","status":"publish","type":"page","link":"https:\/\/twistfuneraire-logiciel-funeraire.fr\/CHRIST22\/formule-entreprise-2\/","title":{"rendered":"formule entreprise"},"content":{"rendered":"<p>[et_pb_section fb_built=\u00a0\u00bb1&Prime; _builder_version=\u00a0\u00bb4.19.5&Prime; _module_preset=\u00a0\u00bbdefault\u00a0\u00bb custom_margin=\u00a0\u00bb||-13px||false|false\u00a0\u00bb custom_padding=\u00a0\u00bb||0px||false|false\u00a0\u00bb global_colors_info=\u00a0\u00bb{}\u00a0\u00bb][et_pb_row _builder_version=\u00a0\u00bb4.19.5&Prime; _module_preset=\u00a0\u00bbdefault\u00a0\u00bb global_colors_info=\u00a0\u00bb{}\u00a0\u00bb][et_pb_column type=\u00a0\u00bb4_4&Prime; _builder_version=\u00a0\u00bb4.19.5&Prime; _module_preset=\u00a0\u00bbdefault\u00a0\u00bb global_colors_info=\u00a0\u00bb{}\u00a0\u00bb][et_pb_divider _builder_version=\u00a0\u00bb4.19.5&Prime; _module_preset=\u00a0\u00bbdefault\u00a0\u00bb global_colors_info=\u00a0\u00bb{}\u00a0\u00bb][\/et_pb_divider][\/et_pb_column][\/et_pb_row][\/et_pb_section][et_pb_section fb_built=\u00a0\u00bb1&Prime; admin_label=\u00a0\u00bbFormule Entreprise\u00a0\u00bb module_id=\u00a0\u00bbformulebasic\u00a0\u00bb _builder_version=\u00a0\u00bb4.18.0&Prime; _module_preset=\u00a0\u00bbdefault\u00a0\u00bb global_colors_info=\u00a0\u00bb{}\u00a0\u00bb][et_pb_row module_id=\u00a0\u00bbdemandeessai\u00a0\u00bb _builder_version=\u00a0\u00bb4.18.0&Prime; _module_preset=\u00a0\u00bbdefault\u00a0\u00bb global_colors_info=\u00a0\u00bb{}\u00a0\u00bb][et_pb_column type=\u00a0\u00bb4_4&Prime; _builder_version=\u00a0\u00bb4.18.0&Prime; _module_preset=\u00a0\u00bbdefault\u00a0\u00bb global_colors_info=\u00a0\u00bb{}\u00a0\u00bb][et_pb_text _builder_version=\u00a0\u00bb4.24.2&Prime; _module_preset=\u00a0\u00bbdefault\u00a0\u00bb text_text_color=\u00a0\u00bb#000000&Prime; text_font_size=\u00a0\u00bb16px\u00a0\u00bb custom_padding=\u00a0\u00bb1px|||||\u00a0\u00bb global_colors_info=\u00a0\u00bb{}\u00a0\u00bb]<\/p>\n<h1><strong>Vous avez choisi la formule Entreprise<\/strong><\/h1>\n<p><em>Bonjour,<\/em><\/p>\n<p><em>Nous sommes heureux de vous compter parmi les futurs utilisateurs du logiciel TWIST Fun\u00e9raire<\/em><\/p>\n<p style=\"text-align: left;\"><strong>La formule Entreprise est \u00e9tudi\u00e9e aux entreprises de Pompes Fun\u00e8bres r\u00e9alisant plus de 100 Dossiers annuel.<\/strong><strong><\/strong><strong><\/strong><\/p>\n<p style=\"text-align: left;\"><strong>Nous \u00e9tudirons avec vous la meilleure solution pour votre entreprise<\/strong><\/p>\n<p><strong>Nous vous communiquerons le dossier une fois l&rsquo;\u00e9valuation r\u00e9alis\u00e9e.<br \/><\/strong><\/p>\n<p><em>Dans l&rsquo;attente de recevoir votre demande<\/em><\/p>\n<p><em>Cordialement<\/em><\/p>\n<p><em>L&rsquo;\u00e9quipe Twist<\/em><\/p>\n<p>[\/et_pb_text][et_pb_contact_form email=\u00a0\u00bbcontact@twistfuneraire.com\u00a0\u00bb title=\u00a0\u00bbContactez Nous\u00a0\u00bb custom_message=\u00a0\u00bbBonjour Christian||et_pb_line_break_holder||Voici un message de demande de Formule Entreprise||et_pb_line_break_holder||||et_pb_line_break_holder||%%nom%%,%%prenom%%||et_pb_line_break_holder||%%telephone%%||et_pb_line_break_holder||%%email%%||et_pb_line_break_holder||%%quantite%%||et_pb_line_break_holder||%%message%%||et_pb_line_break_holder||||et_pb_line_break_holder||Bien \u00e0 toi au susu !!\u00a0\u00bb use_redirect=\u00a0\u00bbon\u00a0\u00bb redirect_url=\u00a0\u00bbhttps:\/\/twistfuneraire-logiciel-funeraire.fr\/CHRIST22\/accueil\u00a0\u00bb success_message=\u00a0\u00bbMerci de votre int\u00e9ret pour Twist fun\u00e9raire, Nous ne manquerons de vous satistfaire\u00a0\u00bb submit_button_text=\u00a0\u00bbEnvoyer\u00a0\u00bb _builder_version=\u00a0\u00bb4.18.0&Prime; _module_preset=\u00a0\u00bbdefault\u00a0\u00bb _unique_id=\u00a0\u00bb31277633-c89b-47e8-b759-e14e0f7e6ecd\u00a0\u00bb custom_button=\u00a0\u00bbon\u00a0\u00bb button_text_color=\u00a0\u00bb#CC9933&Prime; button_bg_color=\u00a0\u00bb#FFFFFF\u00a0\u00bb button_border_width=\u00a0\u00bb4px\u00a0\u00bb button_border_radius=\u00a0\u00bb100px\u00a0\u00bb button_icon=\u00a0\u00bb&#x41;||divi||400&Prime; button_icon_color=\u00a0\u00bb#CCCCCC\u00a0\u00bb box_shadow_style=\u00a0\u00bbpreset4&Prime; box_shadow_horizontal=\u00a0\u00bb4px\u00a0\u00bb box_shadow_vertical=\u00a0\u00bb4px\u00a0\u00bb box_shadow_spread=\u00a0\u00bb-2px\u00a0\u00bb box_shadow_style_button=\u00a0\u00bbpreset1&Prime; global_colors_info=\u00a0\u00bb{}\u00a0\u00bb][et_pb_contact_field field_id=\u00a0\u00bbcivilit\u00e9\u00a0\u00bb field_title=\u00a0\u00bbcivilit\u00e9\u00a0\u00bb field_type=\u00a0\u00bbselect\u00a0\u00bb select_options=\u00a0\u00bb%91{%22value%22:%22Mme%22,%22checked%22:0,%22dragID%22:-1},{%22value%22:%22M%22,%22checked%22:0,%22dragID%22:0},{%22value%22:%22Soci\u00e9t\u00e9%22,%22checked%22:0,%22dragID%22:1}%93&Prime; required_mark=\u00a0\u00bboff\u00a0\u00bb _builder_version=\u00a0\u00bb4.18.0&Prime; _module_preset=\u00a0\u00bbdefault\u00a0\u00bb width=\u00a0\u00bb100%\u00a0\u00bb max_width=\u00a0\u00bb100%\u00a0\u00bb global_colors_info=\u00a0\u00bb{}\u00a0\u00bb][\/et_pb_contact_field][et_pb_contact_field field_id=\u00a0\u00bbnom\u00a0\u00bb field_title=\u00a0\u00bbNom\u00a0\u00bb _builder_version=\u00a0\u00bb4.18.0&Prime; width=\u00a0\u00bb100%\u00a0\u00bb max_width=\u00a0\u00bb100%\u00a0\u00bb module_alignment=\u00a0\u00bbleft\u00a0\u00bb global_colors_info=\u00a0\u00bb{}\u00a0\u00bb button_text_size__hover_enabled=\u00a0\u00bboff\u00a0\u00bb button_one_text_size__hover_enabled=\u00a0\u00bboff\u00a0\u00bb button_two_text_size__hover_enabled=\u00a0\u00bboff\u00a0\u00bb button_text_color__hover_enabled=\u00a0\u00bboff\u00a0\u00bb button_one_text_color__hover_enabled=\u00a0\u00bboff\u00a0\u00bb button_two_text_color__hover_enabled=\u00a0\u00bboff\u00a0\u00bb button_border_width__hover_enabled=\u00a0\u00bboff\u00a0\u00bb button_one_border_width__hover_enabled=\u00a0\u00bboff\u00a0\u00bb button_two_border_width__hover_enabled=\u00a0\u00bboff\u00a0\u00bb button_border_color__hover_enabled=\u00a0\u00bboff\u00a0\u00bb button_one_border_color__hover_enabled=\u00a0\u00bboff\u00a0\u00bb button_two_border_color__hover_enabled=\u00a0\u00bboff\u00a0\u00bb button_border_radius__hover_enabled=\u00a0\u00bboff\u00a0\u00bb button_one_border_radius__hover_enabled=\u00a0\u00bboff\u00a0\u00bb button_two_border_radius__hover_enabled=\u00a0\u00bboff\u00a0\u00bb button_letter_spacing__hover_enabled=\u00a0\u00bboff\u00a0\u00bb button_one_letter_spacing__hover_enabled=\u00a0\u00bboff\u00a0\u00bb button_two_letter_spacing__hover_enabled=\u00a0\u00bboff\u00a0\u00bb button_bg_color__hover_enabled=\u00a0\u00bboff\u00a0\u00bb button_one_bg_color__hover_enabled=\u00a0\u00bboff\u00a0\u00bb button_two_bg_color__hover_enabled=\u00a0\u00bboff\u00a0\u00bb][\/et_pb_contact_field][et_pb_contact_field field_id=\u00a0\u00bbtelephone\u00a0\u00bb field_title=\u00a0\u00bbT\u00e9l\u00e9phone\u00a0\u00bb allowed_symbols=\u00a0\u00bbnumbers\u00a0\u00bb _builder_version=\u00a0\u00bb4.18.0&Prime; _module_preset=\u00a0\u00bbdefault\u00a0\u00bb global_colors_info=\u00a0\u00bb{}\u00a0\u00bb][\/et_pb_contact_field][et_pb_contact_field field_id=\u00a0\u00bbPrenom\u00a0\u00bb field_title=\u00a0\u00bbPr\u00e9nom\u00a0\u00bb required_mark=\u00a0\u00bboff\u00a0\u00bb _builder_version=\u00a0\u00bb4.18.0&Prime; _module_preset=\u00a0\u00bbdefault\u00a0\u00bb max_width=\u00a0\u00bb100%\u00a0\u00bb global_colors_info=\u00a0\u00bb{}\u00a0\u00bb][\/et_pb_contact_field][et_pb_contact_field field_id=\u00a0\u00bbEmail\u00a0\u00bb field_title=\u00a0\u00bbAdresse e-mail\u00a0\u00bb field_type=\u00a0\u00bbemail\u00a0\u00bb fullwidth_field=\u00a0\u00bbon\u00a0\u00bb _builder_version=\u00a0\u00bb4.18.0&Prime; global_colors_info=\u00a0\u00bb{}\u00a0\u00bb button_text_size__hover_enabled=\u00a0\u00bboff\u00a0\u00bb button_one_text_size__hover_enabled=\u00a0\u00bboff\u00a0\u00bb button_two_text_size__hover_enabled=\u00a0\u00bboff\u00a0\u00bb button_text_color__hover_enabled=\u00a0\u00bboff\u00a0\u00bb button_one_text_color__hover_enabled=\u00a0\u00bboff\u00a0\u00bb button_two_text_color__hover_enabled=\u00a0\u00bboff\u00a0\u00bb button_border_width__hover_enabled=\u00a0\u00bboff\u00a0\u00bb button_one_border_width__hover_enabled=\u00a0\u00bboff\u00a0\u00bb button_two_border_width__hover_enabled=\u00a0\u00bboff\u00a0\u00bb button_border_color__hover_enabled=\u00a0\u00bboff\u00a0\u00bb button_one_border_color__hover_enabled=\u00a0\u00bboff\u00a0\u00bb button_two_border_color__hover_enabled=\u00a0\u00bboff\u00a0\u00bb button_border_radius__hover_enabled=\u00a0\u00bboff\u00a0\u00bb button_one_border_radius__hover_enabled=\u00a0\u00bboff\u00a0\u00bb button_two_border_radius__hover_enabled=\u00a0\u00bboff\u00a0\u00bb button_letter_spacing__hover_enabled=\u00a0\u00bboff\u00a0\u00bb button_one_letter_spacing__hover_enabled=\u00a0\u00bboff\u00a0\u00bb button_two_letter_spacing__hover_enabled=\u00a0\u00bboff\u00a0\u00bb button_bg_color__hover_enabled=\u00a0\u00bboff\u00a0\u00bb button_one_bg_color__hover_enabled=\u00a0\u00bboff\u00a0\u00bb button_two_bg_color__hover_enabled=\u00a0\u00bboff\u00a0\u00bb][\/et_pb_contact_field][et_pb_contact_field field_id=\u00a0\u00bbMessage\u00a0\u00bb field_title=\u00a0\u00bbMessage\u00a0\u00bb field_type=\u00a0\u00bbtext\u00a0\u00bb fullwidth_field=\u00a0\u00bbon\u00a0\u00bb _builder_version=\u00a0\u00bb4.18.0&Prime; global_colors_info=\u00a0\u00bb{}\u00a0\u00bb button_text_size__hover_enabled=\u00a0\u00bboff\u00a0\u00bb button_one_text_size__hover_enabled=\u00a0\u00bboff\u00a0\u00bb button_two_text_size__hover_enabled=\u00a0\u00bboff\u00a0\u00bb button_text_color__hover_enabled=\u00a0\u00bboff\u00a0\u00bb button_one_text_color__hover_enabled=\u00a0\u00bboff\u00a0\u00bb button_two_text_color__hover_enabled=\u00a0\u00bboff\u00a0\u00bb button_border_width__hover_enabled=\u00a0\u00bboff\u00a0\u00bb button_one_border_width__hover_enabled=\u00a0\u00bboff\u00a0\u00bb button_two_border_width__hover_enabled=\u00a0\u00bboff\u00a0\u00bb button_border_color__hover_enabled=\u00a0\u00bboff\u00a0\u00bb button_one_border_color__hover_enabled=\u00a0\u00bboff\u00a0\u00bb button_two_border_color__hover_enabled=\u00a0\u00bboff\u00a0\u00bb button_border_radius__hover_enabled=\u00a0\u00bboff\u00a0\u00bb button_one_border_radius__hover_enabled=\u00a0\u00bboff\u00a0\u00bb button_two_border_radius__hover_enabled=\u00a0\u00bboff\u00a0\u00bb button_letter_spacing__hover_enabled=\u00a0\u00bboff\u00a0\u00bb button_one_letter_spacing__hover_enabled=\u00a0\u00bboff\u00a0\u00bb button_two_letter_spacing__hover_enabled=\u00a0\u00bboff\u00a0\u00bb button_bg_color__hover_enabled=\u00a0\u00bboff\u00a0\u00bb button_one_bg_color__hover_enabled=\u00a0\u00bboff\u00a0\u00bb button_two_bg_color__hover_enabled=\u00a0\u00bboff\u00a0\u00bb][\/et_pb_contact_field][et_pb_contact_field field_id=\u00a0\u00bbquantite\u00a0\u00bb field_title=\u00a0\u00bbEstimation du volume de dossiers annuel :\u00a0\u00bb field_type=\u00a0\u00bbselect\u00a0\u00bb select_options=\u00a0\u00bb%91{%22value%22:%22150 Dossiers%22,%22checked%22:0,%22dragID%22:5},{%22value%22:%22200 Dossiers%22,%22checked%22:0,%22dragID%22:-1},{%22value%22:%22250 Dossiers%22,%22checked%22:0,%22dragID%22:0},{%22value%22:%22300 Dossiers%22,%22checked%22:0,%22dragID%22:1},{%22value%22:%22350 Dossiers%22,%22checked%22:0,%22dragID%22:2},{%22value%22:%22400 Dossiers%22,%22checked%22:0,%22dragID%22:3},{%22value%22:%22Plus de 450 Dossiers%22,%22checked%22:0,%22dragID%22:4}%93&Prime; _builder_version=\u00a0\u00bb4.18.0&Prime; _module_preset=\u00a0\u00bbdefault\u00a0\u00bb form_field_background_color=\u00a0\u00bb#CCB266&Prime; form_field_text_color=\u00a0\u00bb#000000&Prime; global_colors_info=\u00a0\u00bb{}\u00a0\u00bb][\/et_pb_contact_field][\/et_pb_contact_form][\/et_pb_column][\/et_pb_row][et_pb_row _builder_version=\u00a0\u00bb4.18.0&Prime; _module_preset=\u00a0\u00bbdefault\u00a0\u00bb global_colors_info=\u00a0\u00bb{}\u00a0\u00bb][et_pb_column type=\u00a0\u00bb4_4&Prime; _builder_version=\u00a0\u00bb4.18.0&Prime; _module_preset=\u00a0\u00bbdefault\u00a0\u00bb global_colors_info=\u00a0\u00bb{}\u00a0\u00bb][et_pb_button button_url=\u00a0\u00bbhttps:\/\/twistfuneraire.com\/CGV\u00a0\u00bb button_text=\u00a0\u00bbConditions particuli\u00e8res et conditions g\u00e9n\u00e9rales de service\u00a0\u00bb button_alignment=\u00a0\u00bbcenter\u00a0\u00bb _builder_version=\u00a0\u00bb4.18.0&Prime; _module_preset=\u00a0\u00bbdefault\u00a0\u00bb custom_button=\u00a0\u00bbon\u00a0\u00bb button_text_size=\u00a0\u00bb13px\u00a0\u00bb button_text_color=\u00a0\u00bb#CC9933&Prime; button_border_width=\u00a0\u00bb2px\u00a0\u00bb button_border_radius=\u00a0\u00bb100px\u00a0\u00bb custom_margin=\u00a0\u00bb-16px||||false|false\u00a0\u00bb global_colors_info=\u00a0\u00bb{}\u00a0\u00bb][\/et_pb_button][\/et_pb_column][\/et_pb_row][\/et_pb_section]<\/p>\n","protected":false},"excerpt":{"rendered":"<p>Vous avez choisi la formule Entreprise Bonjour, Nous sommes heureux de vous compter parmi les futurs utilisateurs du logiciel TWIST Fun\u00e9raire La formule Entreprise est \u00e9tudi\u00e9e aux entreprises de Pompes Fun\u00e8bres r\u00e9alisant plus de 100 Dossiers annuel. Nous \u00e9tudirons avec vous la meilleure solution pour votre entreprise Nous vous communiquerons le dossier une fois l&rsquo;\u00e9valuation [&hellip;]<\/p>\n","protected":false},"author":1,"featured_media":0,"parent":0,"menu_order":0,"comment_status":"closed","ping_status":"closed","template":"","meta":{"_et_pb_use_builder":"on","_et_pb_old_content":"","_et_gb_content_width":"","footnotes":""},"class_list":["post-522","page","type-page","status-publish","hentry"],"yoast_head":"<!-- This site is optimized with the Yoast SEO plugin v27.4 - https:\/\/yoast.com\/product\/yoast-seo-wordpress\/ -->\n<title>formule entreprise - TWIST FUNERAIRE - logiciel pompes funebres<\/title>\n<meta name=\"robots\" content=\"index, follow, max-snippet:-1, max-image-preview:large, max-video-preview:-1\" \/>\n<link rel=\"canonical\" href=\"https:\/\/twistfuneraire-logiciel-funeraire.fr\/CHRIST22\/formule-entreprise-2\/\" \/>\n<meta property=\"og:locale\" content=\"fr_FR\" \/>\n<meta property=\"og:type\" content=\"article\" \/>\n<meta property=\"og:title\" content=\"formule entreprise - TWIST FUNERAIRE - logiciel pompes funebres\" \/>\n<meta property=\"og:description\" content=\"Vous avez choisi la formule Entreprise Bonjour, Nous sommes heureux de vous compter parmi les futurs utilisateurs du logiciel TWIST Fun\u00e9raire La formule Entreprise est \u00e9tudi\u00e9e aux entreprises de Pompes Fun\u00e8bres r\u00e9alisant plus de 100 Dossiers annuel. Nous \u00e9tudirons avec vous la meilleure solution pour votre entreprise Nous vous communiquerons le dossier une fois l&#039;\u00e9valuation [&hellip;]\" \/>\n<meta property=\"og:url\" content=\"https:\/\/twistfuneraire-logiciel-funeraire.fr\/CHRIST22\/formule-entreprise-2\/\" \/>\n<meta property=\"og:site_name\" content=\"TWIST FUNERAIRE - logiciel pompes funebres\" \/>\n<meta property=\"article:publisher\" content=\"https:\/\/www.facebook.com\/Twistfuneraire\/\" \/>\n<meta property=\"article:modified_time\" content=\"2024-04-22T15:18:09+00:00\" \/>\n<meta property=\"og:image\" content=\"https:\/\/twistfuneraire-logiciel-funeraire.fr\/CHRIST22\/wp-content\/uploads\/2022\/08\/LOGO-TWIST-400.jpg\" \/>\n\t<meta property=\"og:image:width\" content=\"400\" \/>\n\t<meta property=\"og:image:height\" content=\"101\" \/>\n\t<meta property=\"og:image:type\" content=\"image\/jpeg\" \/>\n<meta name=\"twitter:card\" content=\"summary_large_image\" \/>\n<meta name=\"twitter:label1\" content=\"Dur\u00e9e de lecture estim\u00e9e\" \/>\n\t<meta name=\"twitter:data1\" content=\"6 minutes\" \/>\n<script type=\"application\/ld+json\" class=\"yoast-schema-graph\">{\"@context\":\"https:\\\/\\\/schema.org\",\"@graph\":[{\"@type\":\"WebPage\",\"@id\":\"https:\\\/\\\/twistfuneraire-logiciel-funeraire.fr\\\/CHRIST22\\\/formule-entreprise-2\\\/\",\"url\":\"https:\\\/\\\/twistfuneraire-logiciel-funeraire.fr\\\/CHRIST22\\\/formule-entreprise-2\\\/\",\"name\":\"formule entreprise - TWIST FUNERAIRE - logiciel pompes funebres\",\"isPartOf\":{\"@id\":\"https:\\\/\\\/twistfuneraire-logiciel-funeraire.fr\\\/CHRIST22\\\/#website\"},\"datePublished\":\"2022-08-25T14:24:17+00:00\",\"dateModified\":\"2024-04-22T15:18:09+00:00\",\"breadcrumb\":{\"@id\":\"https:\\\/\\\/twistfuneraire-logiciel-funeraire.fr\\\/CHRIST22\\\/formule-entreprise-2\\\/#breadcrumb\"},\"inLanguage\":\"fr-FR\",\"potentialAction\":[{\"@type\":\"ReadAction\",\"target\":[\"https:\\\/\\\/twistfuneraire-logiciel-funeraire.fr\\\/CHRIST22\\\/formule-entreprise-2\\\/\"]}]},{\"@type\":\"BreadcrumbList\",\"@id\":\"https:\\\/\\\/twistfuneraire-logiciel-funeraire.fr\\\/CHRIST22\\\/formule-entreprise-2\\\/#breadcrumb\",\"itemListElement\":[{\"@type\":\"ListItem\",\"position\":1,\"name\":\"Accueil\",\"item\":\"https:\\\/\\\/twistfuneraire-logiciel-funeraire.fr\\\/CHRIST22\\\/\"},{\"@type\":\"ListItem\",\"position\":2,\"name\":\"formule entreprise\"}]},{\"@type\":\"WebSite\",\"@id\":\"https:\\\/\\\/twistfuneraire-logiciel-funeraire.fr\\\/CHRIST22\\\/#website\",\"url\":\"https:\\\/\\\/twistfuneraire-logiciel-funeraire.fr\\\/CHRIST22\\\/\",\"name\":\"TWIST FUNERAIRE - logiciel funeraire de gestion pour les pompes funebres\",\"description\":\"logiciel funeraire - gestion de pompes funebres Twist Funeraire\",\"publisher\":{\"@id\":\"https:\\\/\\\/twistfuneraire-logiciel-funeraire.fr\\\/CHRIST22\\\/#organization\"},\"alternateName\":\"logiciel fun\u00e9raire twist funeraire\",\"potentialAction\":[{\"@type\":\"SearchAction\",\"target\":{\"@type\":\"EntryPoint\",\"urlTemplate\":\"https:\\\/\\\/twistfuneraire-logiciel-funeraire.fr\\\/CHRIST22\\\/?s={search_term_string}\"},\"query-input\":{\"@type\":\"PropertyValueSpecification\",\"valueRequired\":true,\"valueName\":\"search_term_string\"}}],\"inLanguage\":\"fr-FR\"},{\"@type\":\"Organization\",\"@id\":\"https:\\\/\\\/twistfuneraire-logiciel-funeraire.fr\\\/CHRIST22\\\/#organization\",\"name\":\"TWIST FUNERAIRE - logiciel funeraire de gestion pour les pompes funebres\",\"url\":\"https:\\\/\\\/twistfuneraire-logiciel-funeraire.fr\\\/CHRIST22\\\/\",\"logo\":{\"@type\":\"ImageObject\",\"inLanguage\":\"fr-FR\",\"@id\":\"https:\\\/\\\/twistfuneraire-logiciel-funeraire.fr\\\/CHRIST22\\\/#\\\/schema\\\/logo\\\/image\\\/\",\"url\":\"https:\\\/\\\/twistfuneraire-logiciel-funeraire.fr\\\/CHRIST22\\\/wp-content\\\/uploads\\\/2022\\\/07\\\/cropped-logo-tt-150.png\",\"contentUrl\":\"https:\\\/\\\/twistfuneraire-logiciel-funeraire.fr\\\/CHRIST22\\\/wp-content\\\/uploads\\\/2022\\\/07\\\/cropped-logo-tt-150.png\",\"width\":512,\"height\":512,\"caption\":\"TWIST FUNERAIRE - logiciel funeraire de gestion pour les pompes funebres\"},\"image\":{\"@id\":\"https:\\\/\\\/twistfuneraire-logiciel-funeraire.fr\\\/CHRIST22\\\/#\\\/schema\\\/logo\\\/image\\\/\"},\"sameAs\":[\"https:\\\/\\\/www.facebook.com\\\/Twistfuneraire\\\/\"]}]}<\/script>\n<!-- \/ Yoast SEO plugin. -->","yoast_head_json":{"title":"formule entreprise - TWIST FUNERAIRE - logiciel pompes funebres","robots":{"index":"index","follow":"follow","max-snippet":"max-snippet:-1","max-image-preview":"max-image-preview:large","max-video-preview":"max-video-preview:-1"},"canonical":"https:\/\/twistfuneraire-logiciel-funeraire.fr\/CHRIST22\/formule-entreprise-2\/","og_locale":"fr_FR","og_type":"article","og_title":"formule entreprise - TWIST FUNERAIRE - logiciel pompes funebres","og_description":"Vous avez choisi la formule Entreprise Bonjour, Nous sommes heureux de vous compter parmi les futurs utilisateurs du logiciel TWIST Fun\u00e9raire La formule Entreprise est \u00e9tudi\u00e9e aux entreprises de Pompes Fun\u00e8bres r\u00e9alisant plus de 100 Dossiers annuel. Nous \u00e9tudirons avec vous la meilleure solution pour votre entreprise Nous vous communiquerons le dossier une fois l'\u00e9valuation [&hellip;]","og_url":"https:\/\/twistfuneraire-logiciel-funeraire.fr\/CHRIST22\/formule-entreprise-2\/","og_site_name":"TWIST FUNERAIRE - logiciel pompes funebres","article_publisher":"https:\/\/www.facebook.com\/Twistfuneraire\/","article_modified_time":"2024-04-22T15:18:09+00:00","og_image":[{"width":400,"height":101,"url":"https:\/\/twistfuneraire-logiciel-funeraire.fr\/CHRIST22\/wp-content\/uploads\/2022\/08\/LOGO-TWIST-400.jpg","type":"image\/jpeg"}],"twitter_card":"summary_large_image","twitter_misc":{"Dur\u00e9e de lecture estim\u00e9e":"6 minutes"},"schema":{"@context":"https:\/\/schema.org","@graph":[{"@type":"WebPage","@id":"https:\/\/twistfuneraire-logiciel-funeraire.fr\/CHRIST22\/formule-entreprise-2\/","url":"https:\/\/twistfuneraire-logiciel-funeraire.fr\/CHRIST22\/formule-entreprise-2\/","name":"formule entreprise - TWIST FUNERAIRE - logiciel pompes funebres","isPartOf":{"@id":"https:\/\/twistfuneraire-logiciel-funeraire.fr\/CHRIST22\/#website"},"datePublished":"2022-08-25T14:24:17+00:00","dateModified":"2024-04-22T15:18:09+00:00","breadcrumb":{"@id":"https:\/\/twistfuneraire-logiciel-funeraire.fr\/CHRIST22\/formule-entreprise-2\/#breadcrumb"},"inLanguage":"fr-FR","potentialAction":[{"@type":"ReadAction","target":["https:\/\/twistfuneraire-logiciel-funeraire.fr\/CHRIST22\/formule-entreprise-2\/"]}]},{"@type":"BreadcrumbList","@id":"https:\/\/twistfuneraire-logiciel-funeraire.fr\/CHRIST22\/formule-entreprise-2\/#breadcrumb","itemListElement":[{"@type":"ListItem","position":1,"name":"Accueil","item":"https:\/\/twistfuneraire-logiciel-funeraire.fr\/CHRIST22\/"},{"@type":"ListItem","position":2,"name":"formule entreprise"}]},{"@type":"WebSite","@id":"https:\/\/twistfuneraire-logiciel-funeraire.fr\/CHRIST22\/#website","url":"https:\/\/twistfuneraire-logiciel-funeraire.fr\/CHRIST22\/","name":"TWIST FUNERAIRE - logiciel funeraire de gestion pour les pompes funebres","description":"logiciel funeraire - gestion de pompes funebres Twist Funeraire","publisher":{"@id":"https:\/\/twistfuneraire-logiciel-funeraire.fr\/CHRIST22\/#organization"},"alternateName":"logiciel fun\u00e9raire twist funeraire","potentialAction":[{"@type":"SearchAction","target":{"@type":"EntryPoint","urlTemplate":"https:\/\/twistfuneraire-logiciel-funeraire.fr\/CHRIST22\/?s={search_term_string}"},"query-input":{"@type":"PropertyValueSpecification","valueRequired":true,"valueName":"search_term_string"}}],"inLanguage":"fr-FR"},{"@type":"Organization","@id":"https:\/\/twistfuneraire-logiciel-funeraire.fr\/CHRIST22\/#organization","name":"TWIST FUNERAIRE - logiciel funeraire de gestion pour les pompes funebres","url":"https:\/\/twistfuneraire-logiciel-funeraire.fr\/CHRIST22\/","logo":{"@type":"ImageObject","inLanguage":"fr-FR","@id":"https:\/\/twistfuneraire-logiciel-funeraire.fr\/CHRIST22\/#\/schema\/logo\/image\/","url":"https:\/\/twistfuneraire-logiciel-funeraire.fr\/CHRIST22\/wp-content\/uploads\/2022\/07\/cropped-logo-tt-150.png","contentUrl":"https:\/\/twistfuneraire-logiciel-funeraire.fr\/CHRIST22\/wp-content\/uploads\/2022\/07\/cropped-logo-tt-150.png","width":512,"height":512,"caption":"TWIST FUNERAIRE - logiciel funeraire de gestion pour les pompes funebres"},"image":{"@id":"https:\/\/twistfuneraire-logiciel-funeraire.fr\/CHRIST22\/#\/schema\/logo\/image\/"},"sameAs":["https:\/\/www.facebook.com\/Twistfuneraire\/"]}]}},"_links":{"self":[{"href":"https:\/\/twistfuneraire-logiciel-funeraire.fr\/CHRIST22\/wp-json\/wp\/v2\/pages\/522","targetHints":{"allow":["GET"]}}],"collection":[{"href":"https:\/\/twistfuneraire-logiciel-funeraire.fr\/CHRIST22\/wp-json\/wp\/v2\/pages"}],"about":[{"href":"https:\/\/twistfuneraire-logiciel-funeraire.fr\/CHRIST22\/wp-json\/wp\/v2\/types\/page"}],"author":[{"embeddable":true,"href":"https:\/\/twistfuneraire-logiciel-funeraire.fr\/CHRIST22\/wp-json\/wp\/v2\/users\/1"}],"replies":[{"embeddable":true,"href":"https:\/\/twistfuneraire-logiciel-funeraire.fr\/CHRIST22\/wp-json\/wp\/v2\/comments?post=522"}],"version-history":[{"count":15,"href":"https:\/\/twistfuneraire-logiciel-funeraire.fr\/CHRIST22\/wp-json\/wp\/v2\/pages\/522\/revisions"}],"predecessor-version":[{"id":1161,"href":"https:\/\/twistfuneraire-logiciel-funeraire.fr\/CHRIST22\/wp-json\/wp\/v2\/pages\/522\/revisions\/1161"}],"wp:attachment":[{"href":"https:\/\/twistfuneraire-logiciel-funeraire.fr\/CHRIST22\/wp-json\/wp\/v2\/media?parent=522"}],"curies":[{"name":"wp","href":"https:\/\/api.w.org\/{rel}","templated":true}]}}